{"id":33,"date":"2015-12-28T17:22:58","date_gmt":"2015-12-28T16:22:58","guid":{"rendered":"http:\/\/www.site.dev\/site_wp\/?page_id=33"},"modified":"2025-01-21T19:08:28","modified_gmt":"2025-01-21T18:08:28","slug":"equipes","status":"publish","type":"page","link":"https:\/\/bordeaux-echecs.fr\/index.php\/equipes\/","title":{"rendered":"\u00c9quipes &#8211; 6 niveaux&#8230;"},"content":{"rendered":"\n<p><\/p>\n\n\n\n<div class=\"wp-block-media-text alignwide is-stacked-on-mobile\" style=\"grid-template-columns:15% auto\"><figure class=\"wp-block-media-text__media\"><img loading=\"lazy\" decoding=\"async\" width=\"640\" height=\"426\" src=\"https:\/\/bordeaux-echecs.fr\/wp-content\/uploads\/2020\/10\/pendule_640x426.jpg\" alt=\"Equipes\" class=\"wp-image-2118 size-full\" srcset=\"https:\/\/bordeaux-echecs.fr\/wp-content\/uploads\/2020\/10\/pendule_640x426.jpg 640w, https:\/\/bordeaux-echecs.fr\/wp-content\/uploads\/2020\/10\/pendule_640x426-300x200.jpg 300w, https:\/\/bordeaux-echecs.fr\/wp-content\/uploads\/2020\/10\/pendule_640x426-150x100.jpg 150w\" sizes=\"auto, (max-width: 640px) 100vw, 640px\" \/><\/figure><div class=\"wp-block-media-text__content\">\n<p class=\"has-normal-font-size\">Chaque saison, la Section engage plusieurs \u00e9quipes dans les comp\u00e9titions organis\u00e9es par la F\u00e9d\u00e9ration Fran\u00e7aise des \u00c9checs (FFE) et par la Ligue d&rsquo;Aquitaine. <\/p>\n<\/div><\/div>\n\n\n\n<h5 class=\"wp-block-heading\"><br>Les \u00e9quipes interclubs :<\/h5>\n\n\n\n<ul class=\"wp-block-list\">\n<li><b>1 \u00e9quipe F\u00e9minine : Nationale IF<\/b><\/li>\n\n\n\n<li><b>5 \u00e9quipes Open : Nationale III, Nationale IV et R\u00e9gionale<\/b><\/li>\n\n\n\n<li><b>2 \u00e9quipes Jeunes : Nationale I et Nationale III<br><\/b><\/li>\n<\/ul>\n\n\n\n<p class=\"has-text-align-left\"><strong>Saison 2024-2025<\/strong> :<br>Consultez les <strong>R\u00e9sultats<\/strong> et les<strong> Calendriers<\/strong> des \u00e9quipes du Club sur le Site de la FFE via le sous menu<\/p>\n\n\n\n<p class=\"has-text-align-justify\">L&rsquo;\u00e9quipe F\u00e9minine de Nationale I est compos\u00e9e de 4 \u00e0 5 joueuses.<br>En Nationale III et IV, les \u00e9quipes sont compos\u00e9es de huit joueurs. En R\u00e9gionale l&rsquo;\u00e9quipe est compos\u00e9e de cinq joueurs. Chaque victoire compte un point et les nulles not\u00e9es X ne comptent pas.<br>En Nationale I jeune, l&rsquo;\u00e9quipe compte huit joueurs entre 6 et 16 ans. Les plus jeunes (poussins) jouent 2 parties et la victoire compte 1 point. Les plus \u00e2g\u00e9s jouent en cadence plus longue, et la victoire compte 2 points. Les nulles ne sont pas compt\u00e9es pour le r\u00e9sultat final. La Nationale III jeune est sur le m\u00eame principe mais avec 4 joueurs par \u00e9quipe.<\/p>\n\n\n\n<p class=\"has-text-align-justify\">Les r\u00e9sum\u00e9s des rencontres sont souvent disponibles sous forme d&rsquo;articles <a href=\"https:\/\/bordeaux-echecs.fr\/index.php\/category\/interclubs\/\">\u00ab\u00a0Bulletins des Interclubs\u00a0\u00bb<\/a> avec parfois quelques <a href=\"https:\/\/bordeaux-echecs.fr\/index.php\/parties\/\">parties<\/a> (merci aux capitaines et auteurs!)<\/p>\n","protected":false},"excerpt":{"rendered":"<p>Chaque saison, la Section engage plusieurs \u00e9quipes dans les comp\u00e9titions organis\u00e9es par la F\u00e9d\u00e9ration Fran\u00e7aise des \u00c9checs (FFE) et par la Ligue d&rsquo;Aquitaine. Les \u00e9quipes interclubs : Saison 2024-2025 :Consultez les R\u00e9sultats et les Calendriers des \u00e9quipes du Club sur le Site de la FFE via le sous menu L&rsquo;\u00e9quipe F\u00e9minine de Nationale I est [&hellip;]<\/p>\n","protected":false},"author":1,"featured_media":0,"parent":0,"menu_order":1,"comment_status":"closed","ping_status":"closed","template":"","meta":{"_uag_custom_page_level_css":"","site-sidebar-layout":"default","site-content-layout":"default","ast-site-content-layout":"default","site-content-style":"default","site-sidebar-style":"default","ast-global-header-display":"","ast-banner-title-visibility":"","ast-main-header-display":"","ast-hfb-above-header-display":"","ast-hfb-below-header-display":"","ast-hfb-mobile-header-display":"","site-post-title":"","ast-breadcrumbs-content":"","ast-featured-img":"","footer-sml-layout":"","ast-disable-related-posts":"","theme-transparent-header-meta":"default","adv-header-id-meta":"","stick-header-meta":"","header-above-stick-meta":"","header-main-stick-meta":"","header-below-stick-meta":"","astra-migrate-meta-layouts":"set","ast-page-background-enabled":"default","ast-page-background-meta":{"desktop":{"background-color":"","background-image":"","background-repeat":"repeat","background-position":"center center","background-size":"auto","background-attachment":"scroll","background-type":"","background-media":"","overlay-type":"","overlay-color":"","overlay-opacity":"","overlay-gradient":""},"tablet":{"background-color":"","background-image":"","background-repeat":"repeat","background-position":"center center","background-size":"auto","background-attachment":"scroll","background-type":"","background-media":"","overlay-type":"","overlay-color":"","overlay-opacity":"","overlay-gradient":""},"mobile":{"background-color":"","background-image":"","background-repeat":"repeat","background-position":"center center","background-size":"auto","background-attachment":"scroll","background-type":"","background-media":"","overlay-type":"","overlay-color":"","overlay-opacity":"","overlay-gradient":""}},"ast-content-background-meta":{"desktop":{"background-color":"var(--ast-global-color-5)","background-image":"","background-repeat":"repeat","background-position":"center center","background-size":"auto","background-attachment":"scroll","background-type":"","background-media":"","overlay-type":"","overlay-color":"","overlay-opacity":"","overlay-gradient":""},"tablet":{"background-color":"var(--ast-global-color-5)","background-image":"","background-repeat":"repeat","background-position":"center center","background-size":"auto","background-attachment":"scroll","background-type":"","background-media":"","overlay-type":"","overlay-color":"","overlay-opacity":"","overlay-gradient":""},"mobile":{"background-color":"var(--ast-global-color-5)","background-image":"","background-repeat":"repeat","background-position":"center center","background-size":"auto","background-attachment":"scroll","background-type":"","background-media":"","overlay-type":"","overlay-color":"","overlay-opacity":"","overlay-gradient":""}},"jetpack_post_was_ever_published":false,"footnotes":""},"class_list":["post-33","page","type-page","status-publish","hentry"],"uagb_featured_image_src":{"full":false,"thumbnail":false,"medium":false,"medium_large":false,"large":false,"1536x1536":false,"2048x2048":false},"uagb_author_info":{"display_name":"Serge","author_link":"https:\/\/bordeaux-echecs.fr\/author\/bordeaux-echecs-serge\/"},"uagb_comment_info":0,"uagb_excerpt":"Chaque saison, la Section engage plusieurs \u00e9quipes dans les comp\u00e9titions organis\u00e9es par la F\u00e9d\u00e9ration Fran\u00e7aise des \u00c9checs (FFE) et par la Ligue d&rsquo;Aquitaine. Les \u00e9quipes interclubs : Saison 2024-2025 :Consultez les R\u00e9sultats et les Calendriers des \u00e9quipes du Club sur le Site de la FFE via le sous menu L&rsquo;\u00e9quipe F\u00e9minine de Nationale I est\u2026","jetpack_shortlink":"https:\/\/wp.me\/P9pDgH-x","jetpack_sharing_enabled":true,"_links":{"self":[{"href":"https:\/\/bordeaux-echecs.fr\/index.php\/wp-json\/wp\/v2\/pages\/33","targetHints":{"allow":["GET"]}}],"collection":[{"href":"https:\/\/bordeaux-echecs.fr\/index.php\/wp-json\/wp\/v2\/pages"}],"about":[{"href":"https:\/\/bordeaux-echecs.fr\/index.php\/wp-json\/wp\/v2\/types\/page"}],"author":[{"embeddable":true,"href":"https:\/\/bordeaux-echecs.fr\/index.php\/wp-json\/wp\/v2\/users\/1"}],"replies":[{"embeddable":true,"href":"https:\/\/bordeaux-echecs.fr\/index.php\/wp-json\/wp\/v2\/comments?post=33"}],"version-history":[{"count":27,"href":"https:\/\/bordeaux-echecs.fr\/index.php\/wp-json\/wp\/v2\/pages\/33\/revisions"}],"predecessor-version":[{"id":6142,"href":"https:\/\/bordeaux-echecs.fr\/index.php\/wp-json\/wp\/v2\/pages\/33\/revisions\/6142"}],"wp:attachment":[{"href":"https:\/\/bordeaux-echecs.fr\/index.php\/wp-json\/wp\/v2\/media?parent=33"}],"curies":[{"name":"wp","href":"https:\/\/api.w.org\/{rel}","templated":true}]}}