{"id":65,"date":"2015-12-28T19:00:11","date_gmt":"2015-12-28T18:00:11","guid":{"rendered":"http:\/\/www.site.dev\/site_wp\/?page_id=65"},"modified":"2025-07-11T18:36:33","modified_gmt":"2025-07-11T16:36:33","slug":"adhesions","status":"publish","type":"page","link":"https:\/\/bordeaux-echecs.fr\/index.php\/adhesions\/","title":{"rendered":"Adh\u00e9rer \u00e0 la section"},"content":{"rendered":"\n<p class=\"has-text-align-left\"><strong>Adh\u00e9sions \/ Cotisations 2025-2026 :<\/strong><\/p>\n\n\n\n<p><span style=\"text-decoration: underline;\">Fonctionnement :<\/span><\/p>\n\n\n\n<blockquote class=\"wp-block-quote is-layout-flow wp-block-quote-is-layout-flow\">\n<ul class=\"wp-block-list\">\n<li>Adh\u00e9sion \u00e0 L&rsquo;Union Saint Bruno : 36 \u20ac &#8211; 16 \u20ac pour les membres suivants de la m\u00eame famille.<\/li>\n\n\n\n<li>Cotisation \u00e0 la Section \u00c9checs : de 95 \u20ac \u00e0 165 \u20ac en fonction de la formule choisie.<\/li>\n<\/ul>\n<\/blockquote>\n\n\n\n<div style=\"height:40px\" aria-hidden=\"true\" class=\"wp-block-spacer\"><\/div>\n\n\n\n<div class=\"wp-block-media-text is-stacked-on-mobile\" style=\"grid-template-columns:21% auto\"><figure class=\"wp-block-media-text__media\"><a href=\"https:\/\/www.document-en-ligne.fr\/USB\/Guide_Accueil_2025-2026\/#p=24\" target=\"_blank\" rel=\"noreferrer noopener\"><img loading=\"lazy\" decoding=\"async\" width=\"290\" height=\"290\" src=\"https:\/\/bordeaux-echecs.fr\/wp-content\/uploads\/2025\/07\/guide_accueil_couv_25_26.jpg\" alt=\"\" class=\"wp-image-6548 size-full\" srcset=\"https:\/\/bordeaux-echecs.fr\/wp-content\/uploads\/2025\/07\/guide_accueil_couv_25_26.jpg 290w, https:\/\/bordeaux-echecs.fr\/wp-content\/uploads\/2025\/07\/guide_accueil_couv_25_26-150x150.jpg 150w\" sizes=\"auto, (max-width: 290px) 100vw, 290px\" \/><\/a><\/figure><div class=\"wp-block-media-text__content\">\n<p>Vous pouvez consulter le <a href=\"https:\/\/www.document-en-ligne.fr\/USB\/Guide_Accueil_2025-2026\/#p=24\" target=\"_blank\" rel=\"noreferrer noopener\">Guide d&rsquo;accueil<\/a> de l&rsquo;Union Saint-Bruno ou les modalit\u00e9s pour la saison en cours directement sur la <a href=\"https:\/\/www.saint-bruno.org\/echecs\" target=\"_blank\" rel=\"noreferrer noopener\">page de la section<\/a>.<\/p>\n<\/div><\/div>\n\n\n\n<div style=\"height:40px\" aria-hidden=\"true\" class=\"wp-block-spacer\"><\/div>\n\n\n\n<p>Concernant le <strong>certificat m\u00e9dical<\/strong>, il n&rsquo;est par d\u00e9faut, plus obligatoire mais vous devez remettre au minimum une attestation. <a href=\"https:\/\/bordeaux-echecs.fr\/index.php\/certificats-medicaux\/\">Consultez la proc\u00e9dure F\u00e9d\u00e9rale.&nbsp;<\/a><br><br>Pour toute demande particuli\u00e8re ou renseignement compl\u00e9mentaire, N&rsquo;h\u00e9sitez pas \u00e0 nous contacter :<br><a href=\"https:\/\/bordeaux-echecs.fr\/index.php\/contact\/\">Formulaire de Contact<\/a><br>Tel : 06 75 76 28 64<br>Possibilit\u00e9 de laisser un message<\/p>\n\n\n\n<div style=\"height:40px\" aria-hidden=\"true\" class=\"wp-block-spacer\"><\/div>\n\n\n\n<div class=\"wp-block-media-text is-stacked-on-mobile\" style=\"grid-template-columns:37% auto\"><figure class=\"wp-block-media-text__media\"><a href=\"http:\/\/www.echecs.asso.fr\/FicheClub.aspx?Ref=107\" target=\"_blank\" rel=\"noreferrer noopener\"><img loading=\"lazy\" decoding=\"async\" width=\"1024\" height=\"1024\" src=\"https:\/\/bordeaux-echecs.fr\/wp-content\/uploads\/2024\/07\/FFE_Club_logo-1024x1024.jpg\" alt=\"\" class=\"wp-image-5745 size-full\" srcset=\"https:\/\/bordeaux-echecs.fr\/wp-content\/uploads\/2024\/07\/FFE_Club_logo-1024x1024.jpg 1024w, https:\/\/bordeaux-echecs.fr\/wp-content\/uploads\/2024\/07\/FFE_Club_logo-300x300.jpg 300w, https:\/\/bordeaux-echecs.fr\/wp-content\/uploads\/2024\/07\/FFE_Club_logo-150x150.jpg 150w, https:\/\/bordeaux-echecs.fr\/wp-content\/uploads\/2024\/07\/FFE_Club_logo.jpg 1080w\" sizes=\"auto, (max-width: 1024px) 100vw, 1024px\" \/><\/a><\/figure><div class=\"wp-block-media-text__content\">\n<p>La Page du club sur le <a href=\"http:\/\/www.echecs.asso.fr\/FicheClub.aspx?Ref=107\" target=\"_blank\" rel=\"noreferrer noopener\">Site F\u00e9d\u00e9ral FFE<\/a><\/p>\n<\/div><\/div>\n\n\n\n<ul class=\"wp-block-list\">\n<li><\/li>\n<\/ul>\n","protected":false},"excerpt":{"rendered":"<p>Adh\u00e9sions \/ Cotisations 2025-2026 : Fonctionnement : Vous pouvez consulter le Guide d&rsquo;accueil de l&rsquo;Union Saint-Bruno ou les modalit\u00e9s pour la saison en cours directement sur la page de la section. Concernant le certificat m\u00e9dical, il n&rsquo;est par d\u00e9faut, plus obligatoire mais vous devez remettre au minimum une attestation. Consultez la proc\u00e9dure F\u00e9d\u00e9rale.&nbsp; Pour toute [&hellip;]<\/p>\n","protected":false},"author":1,"featured_media":0,"parent":0,"menu_order":0,"comment_status":"closed","ping_status":"closed","template":"","meta":{"_uag_custom_page_level_css":"","site-sidebar-layout":"default","site-content-layout":"default","ast-site-content-layout":"default","site-content-style":"default","site-sidebar-style":"default","ast-global-header-display":"","ast-banner-title-visibility":"","ast-main-header-display":"","ast-hfb-above-header-display":"","ast-hfb-below-header-display":"","ast-hfb-mobile-header-display":"","site-post-title":"","ast-breadcrumbs-content":"","ast-featured-img":"","footer-sml-layout":"","ast-disable-related-posts":"","theme-transparent-header-meta":"default","adv-header-id-meta":"","stick-header-meta":"","header-above-stick-meta":"","header-main-stick-meta":"","header-below-stick-meta":"","astra-migrate-meta-layouts":"set","ast-page-background-enabled":"default","ast-page-background-meta":{"desktop":{"background-color":"","background-image":"","background-repeat":"repeat","background-position":"center center","background-size":"auto","background-attachment":"scroll","background-type":"","background-media":"","overlay-type":"","overlay-color":"","overlay-opacity":"","overlay-gradient":""},"tablet":{"background-color":"","background-image":"","background-repeat":"repeat","background-position":"center center","background-size":"auto","background-attachment":"scroll","background-type":"","background-media":"","overlay-type":"","overlay-color":"","overlay-opacity":"","overlay-gradient":""},"mobile":{"background-color":"","background-image":"","background-repeat":"repeat","background-position":"center center","background-size":"auto","background-attachment":"scroll","background-type":"","background-media":"","overlay-type":"","overlay-color":"","overlay-opacity":"","overlay-gradient":""}},"ast-content-background-meta":{"desktop":{"background-color":"var(--ast-global-color-5)","background-image":"","background-repeat":"repeat","background-position":"center center","background-size":"auto","background-attachment":"scroll","background-type":"","background-media":"","overlay-type":"","overlay-color":"","overlay-opacity":"","overlay-gradient":""},"tablet":{"background-color":"var(--ast-global-color-5)","background-image":"","background-repeat":"repeat","background-position":"center center","background-size":"auto","background-attachment":"scroll","background-type":"","background-media":"","overlay-type":"","overlay-color":"","overlay-opacity":"","overlay-gradient":""},"mobile":{"background-color":"var(--ast-global-color-5)","background-image":"","background-repeat":"repeat","background-position":"center center","background-size":"auto","background-attachment":"scroll","background-type":"","background-media":"","overlay-type":"","overlay-color":"","overlay-opacity":"","overlay-gradient":""}},"jetpack_post_was_ever_published":false,"footnotes":""},"class_list":["post-65","page","type-page","status-publish","hentry"],"uagb_featured_image_src":{"full":false,"thumbnail":false,"medium":false,"medium_large":false,"large":false,"1536x1536":false,"2048x2048":false},"uagb_author_info":{"display_name":"Serge","author_link":"https:\/\/bordeaux-echecs.fr\/author\/bordeaux-echecs-serge\/"},"uagb_comment_info":0,"uagb_excerpt":"Adh\u00e9sions \/ Cotisations 2025-2026 : Fonctionnement : Vous pouvez consulter le Guide d&rsquo;accueil de l&rsquo;Union Saint-Bruno ou les modalit\u00e9s pour la saison en cours directement sur la page de la section. Concernant le certificat m\u00e9dical, il n&rsquo;est par d\u00e9faut, plus obligatoire mais vous devez remettre au minimum une attestation. Consultez la proc\u00e9dure F\u00e9d\u00e9rale.&nbsp; Pour toute\u2026","jetpack_shortlink":"https:\/\/wp.me\/P9pDgH-13","jetpack_sharing_enabled":true,"_links":{"self":[{"href":"https:\/\/bordeaux-echecs.fr\/index.php\/wp-json\/wp\/v2\/pages\/65","targetHints":{"allow":["GET"]}}],"collection":[{"href":"https:\/\/bordeaux-echecs.fr\/index.php\/wp-json\/wp\/v2\/pages"}],"about":[{"href":"https:\/\/bordeaux-echecs.fr\/index.php\/wp-json\/wp\/v2\/types\/page"}],"author":[{"embeddable":true,"href":"https:\/\/bordeaux-echecs.fr\/index.php\/wp-json\/wp\/v2\/users\/1"}],"replies":[{"embeddable":true,"href":"https:\/\/bordeaux-echecs.fr\/index.php\/wp-json\/wp\/v2\/comments?post=65"}],"version-history":[{"count":11,"href":"https:\/\/bordeaux-echecs.fr\/index.php\/wp-json\/wp\/v2\/pages\/65\/revisions"}],"predecessor-version":[{"id":6550,"href":"https:\/\/bordeaux-echecs.fr\/index.php\/wp-json\/wp\/v2\/pages\/65\/revisions\/6550"}],"wp:attachment":[{"href":"https:\/\/bordeaux-echecs.fr\/index.php\/wp-json\/wp\/v2\/media?parent=65"}],"curies":[{"name":"wp","href":"https:\/\/api.w.org\/{rel}","templated":true}]}}