{"id":68,"date":"2015-12-28T19:01:13","date_gmt":"2015-12-28T18:01:13","guid":{"rendered":"http:\/\/www.site.dev\/site_wp\/?page_id=68"},"modified":"2024-07-05T17:18:46","modified_gmt":"2024-07-05T15:18:46","slug":"joueurs","status":"publish","type":"page","link":"https:\/\/bordeaux-echecs.fr\/index.php\/membres\/joueurs\/","title":{"rendered":"Joueurs"},"content":{"rendered":"<p>Les joueurs du club en un clic sur le site F\u00e9d\u00e9ral :<\/p>\n<blockquote>\n<ul>\n<li><a href=\"http:\/\/www.echecs.asso.fr\/ListeJoueurs.aspx?Action=JOUEURCLUBREF&amp;ClubRef=107\" target=\"_blank\" rel=\"noopener\">Liste des joueurs du club par ordre alphab\u00e9tique<\/a><\/li>\n<li><a href=\"http:\/\/www.echecs.asso.fr\/ListeJoueurs.aspx?Action=JOUEURCLUBREF&amp;JrTri=Elo&amp;ClubRef=107\" target=\"_blank\" rel=\"noopener\">Liste des joueurs du club par ordre \u00e9lo<\/a><\/li>\n<\/ul>\n<\/blockquote>\n","protected":false},"excerpt":{"rendered":"<p>Les joueurs du club en un clic sur le site F\u00e9d\u00e9ral : Liste des joueurs du club par ordre alphab\u00e9tique Liste des joueurs du club par ordre \u00e9lo<\/p>\n","protected":false},"author":1,"featured_media":0,"parent":70,"menu_order":2,"comment_status":"closed","ping_status":"closed","template":"","meta":{"_uag_custom_page_level_css":"","site-sidebar-layout":"default","site-content-layout":"","ast-site-content-layout":"default","site-content-style":"default","site-sidebar-style":"default","ast-global-header-display":"","ast-banner-title-visibility":"","ast-main-header-display":"","ast-hfb-above-header-display":"","ast-hfb-below-header-display":"","ast-hfb-mobile-header-display":"","site-post-title":"","ast-breadcrumbs-content":"","ast-featured-img":"","footer-sml-layout":"","ast-disable-related-posts":"","theme-transparent-header-meta":"","adv-header-id-meta":"","stick-header-meta":"","header-above-stick-meta":"","header-main-stick-meta":"","header-below-stick-meta":"","astra-migrate-meta-layouts":"default","ast-page-background-enabled":"default","ast-page-background-meta":{"desktop":{"background-color":"","background-image":"","background-repeat":"repeat","background-position":"center center","background-size":"auto","background-attachment":"scroll","background-type":"","background-media":"","overlay-type":"","overlay-color":"","overlay-opacity":"","overlay-gradient":""},"tablet":{"background-color":"","background-image":"","background-repeat":"repeat","background-position":"center center","background-size":"auto","background-attachment":"scroll","background-type":"","background-media":"","overlay-type":"","overlay-color":"","overlay-opacity":"","overlay-gradient":""},"mobile":{"background-color":"","background-image":"","background-repeat":"repeat","background-position":"center center","background-size":"auto","background-attachment":"scroll","background-type":"","background-media":"","overlay-type":"","overlay-color":"","overlay-opacity":"","overlay-gradient":""}},"ast-content-background-meta":{"desktop":{"background-color":"var(--ast-global-color-5)","background-image":"","background-repeat":"repeat","background-position":"center center","background-size":"auto","background-attachment":"scroll","background-type":"","background-media":"","overlay-type":"","overlay-color":"","overlay-opacity":"","overlay-gradient":""},"tablet":{"background-color":"var(--ast-global-color-5)","background-image":"","background-repeat":"repeat","background-position":"center center","background-size":"auto","background-attachment":"scroll","background-type":"","background-media":"","overlay-type":"","overlay-color":"","overlay-opacity":"","overlay-gradient":""},"mobile":{"background-color":"var(--ast-global-color-5)","background-image":"","background-repeat":"repeat","background-position":"center center","background-size":"auto","background-attachment":"scroll","background-type":"","background-media":"","overlay-type":"","overlay-color":"","overlay-opacity":"","overlay-gradient":""}},"jetpack_post_was_ever_published":false,"footnotes":""},"class_list":["post-68","page","type-page","status-publish","hentry"],"uagb_featured_image_src":{"full":false,"thumbnail":false,"medium":false,"medium_large":false,"large":false,"1536x1536":false,"2048x2048":false},"uagb_author_info":{"display_name":"Serge","author_link":"https:\/\/bordeaux-echecs.fr\/author\/bordeaux-echecs-serge\/"},"uagb_comment_info":0,"uagb_excerpt":"Les joueurs du club en un clic sur le site F\u00e9d\u00e9ral : Liste des joueurs du club par ordre alphab\u00e9tique Liste des joueurs du club par ordre \u00e9lo","jetpack_shortlink":"https:\/\/wp.me\/P9pDgH-16","jetpack_sharing_enabled":true,"_links":{"self":[{"href":"https:\/\/bordeaux-echecs.fr\/index.php\/wp-json\/wp\/v2\/pages\/68","targetHints":{"allow":["GET"]}}],"collection":[{"href":"https:\/\/bordeaux-echecs.fr\/index.php\/wp-json\/wp\/v2\/pages"}],"about":[{"href":"https:\/\/bordeaux-echecs.fr\/index.php\/wp-json\/wp\/v2\/types\/page"}],"author":[{"embeddable":true,"href":"https:\/\/bordeaux-echecs.fr\/index.php\/wp-json\/wp\/v2\/users\/1"}],"replies":[{"embeddable":true,"href":"https:\/\/bordeaux-echecs.fr\/index.php\/wp-json\/wp\/v2\/comments?post=68"}],"version-history":[{"count":1,"href":"https:\/\/bordeaux-echecs.fr\/index.php\/wp-json\/wp\/v2\/pages\/68\/revisions"}],"predecessor-version":[{"id":5656,"href":"https:\/\/bordeaux-echecs.fr\/index.php\/wp-json\/wp\/v2\/pages\/68\/revisions\/5656"}],"up":[{"embeddable":true,"href":"https:\/\/bordeaux-echecs.fr\/index.php\/wp-json\/wp\/v2\/pages\/70"}],"wp:attachment":[{"href":"https:\/\/bordeaux-echecs.fr\/index.php\/wp-json\/wp\/v2\/media?parent=68"}],"curies":[{"name":"wp","href":"https:\/\/api.w.org\/{rel}","templated":true}]}}