{"id":72,"date":"2015-12-28T19:02:25","date_gmt":"2015-12-28T18:02:25","guid":{"rendered":"http:\/\/www.site.dev\/site_wp\/?page_id=72"},"modified":"2026-04-10T00:18:17","modified_gmt":"2026-04-09T22:18:17","slug":"dirigeants","status":"publish","type":"page","link":"https:\/\/bordeaux-echecs.fr\/index.php\/membres\/dirigeants\/","title":{"rendered":"Dirigeants"},"content":{"rendered":"\n<div style=\"height:50px\" aria-hidden=\"true\" class=\"wp-block-spacer\"><\/div>\n\n\n\n<p class=\"has-text-align-center\">Les dirigeants de la section&#8230;<br>C&rsquo;est bien peu de chose, mais sans eux, nous ne serions rien!<br>Merci \u00e0 nos dirigeants b\u00e9n\u00e9voles!! Voici la composition du Bureau du Comit\u00e9 Directeur :<\/p>\n\n\n\n<div style=\"height:50px\" aria-hidden=\"true\" class=\"wp-block-spacer\"><\/div>\n\n\n\n<div class=\"wp-block-uagb-container uagb-block-0f051304 alignfull uagb-is-root-container\"><div class=\"uagb-container-inner-blocks-wrap\">\n<div class=\"wp-block-uagb-container uagb-block-cc99c68c\">\n<div class=\"wp-block-uagb-info-box uagb-block-9ec0f0bb uagb-infobox__content-wrap  uagb-infobox-icon-above-title uagb-infobox-image-valign-top\"><div class=\"uagb-ifb-content\"><div class=\"uagb-ifb-icon-wrap\"><svg xmlns=\"https:\/\/www.w3.org\/2000\/svg\" viewBox=\"0 0 448 512\"><path d=\"M367.1 448H79.97c-26.51 0-48.01 21.49-48.01 47.1C31.96 504.8 39.13 512 47.96 512h352c8.838 0 16-7.163 16-16C416 469.5 394.5 448 367.1 448zM416.1 160h-160V112h16.01c17.6 0 31.98-14.4 31.98-32C303.1 62.4 289.6 48 272 48h-16.01V32C256 14.4 241.6 0 223.1 0C206.4 0 191.1 14.4 191.1 32.01V48H175.1c-17.6 0-32.01 14.4-32.01 32C143.1 97.6 158.4 112 175.1 112h16.01V160h-160C17.34 160 0 171.5 0 192C0 195.2 .4735 198.4 1.437 201.5L74.46 416h299.1l73.02-214.5C447.5 198.4 448 195.2 448 192C448 171.6 430.1 160 416.1 160z\"><\/path><\/svg><\/div><div class=\"uagb-ifb-title-wrap\"><h3 class=\"uagb-ifb-title\">Pr\u00e9sident<\/h3><\/div><div class=\"uagb-ifb-separator\"><\/div><p class=\"uagb-ifb-desc\">Fran\u00e7ois Gallice<\/p><\/div><\/div>\n<\/div>\n\n\n\n<div class=\"wp-block-uagb-container uagb-block-4f563cee\">\n<div class=\"wp-block-uagb-info-box uagb-block-ada4bf65 uagb-infobox__content-wrap  uagb-infobox-icon-above-title uagb-infobox-image-valign-top\"><div class=\"uagb-ifb-content\"><div class=\"uagb-ifb-icon-wrap\"><svg xmlns=\"https:\/\/www.w3.org\/2000\/svg\" viewBox=\"0 0 512 512\"><path d=\"M256 112c30.88 0 56-25.12 56-56S286.9 0 256 0S199.1 25.12 199.1 56S225.1 112 256 112zM399.1 448H111.1c-26.51 0-48 21.49-48 47.1C63.98 504.8 71.15 512 79.98 512h352c8.837 0 16-7.163 16-16C447.1 469.5 426.5 448 399.1 448zM511.1 197.4c0-5.178-2.509-10.2-7.096-13.26L476.4 168.2c-2.684-1.789-5.602-2.62-8.497-2.62c-17.22 0-17.39 26.37-51.92 26.37c-29.35 0-47.97-25.38-47.97-50.63C367.1 134 361.1 128 354.6 128h-38.75c-6 0-11.63 4-12.88 9.875C298.2 160.1 278.7 176 255.1 176c-22.75 0-42.25-15.88-47-38.12C207.7 132 202.2 128 196.1 128h-38.75C149.1 128 143.1 134 143.1 141.4c0 18.45-13.73 50.62-47.95 50.62c-34.58 0-34.87-26.39-51.87-26.39c-2.909 0-5.805 .8334-8.432 2.645l-28.63 16C2.509 187.2 0 192.3 0 197.4C0 199.9 .5585 202.3 1.72 204.6L104.2 416h303.5l102.5-211.4C511.4 202.3 511.1 199.8 511.1 197.4z\"><\/path><\/svg><\/div><div class=\"uagb-ifb-title-wrap\"><h3 class=\"uagb-ifb-title\">Tr\u00e9sori\u00e8re<\/h3><\/div><div class=\"uagb-ifb-separator\"><\/div><p class=\"uagb-ifb-desc\">Jocelyne Gioanni<\/p><\/div><\/div>\n<\/div>\n\n\n\n<div class=\"wp-block-uagb-container uagb-block-05858c50\">\n<div class=\"wp-block-uagb-info-box uagb-block-ce524e91 uagb-infobox__content-wrap  uagb-infobox-icon-above-title uagb-infobox-image-valign-top\"><div class=\"uagb-ifb-content\"><div class=\"uagb-ifb-icon-wrap\"><svg xmlns=\"https:\/\/www.w3.org\/2000\/svg\" viewBox=\"0 0 384 512\"><path d=\"M368 32h-56c-8.875 0-16 7.125-16 16V96h-48V48c0-8.875-7.125-16-16-16h-80c-8.875 0-16 7.125-16 16V96H88.12V48c0-8.875-7.25-16-16-16H16C7.125 32 0 39.12 0 48V224l64 32c0 48.38-1.5 95-13.25 160h282.5C321.5 351 320 303.8 320 256l64-32V48C384 39.12 376.9 32 368 32zM224 320H160V256c0-17.62 14.38-32 32-32s32 14.38 32 32V320zM336 448H47.1C21.49 448 0 469.5 0 495.1C0 504.8 7.163 512 16 512h352c8.837 0 16-7.163 16-16C384 469.5 362.5 448 336 448z\"><\/path><\/svg><\/div><div class=\"uagb-ifb-title-wrap\"><h3 class=\"uagb-ifb-title\">Secr\u00e9taire<\/h3><\/div><div class=\"uagb-ifb-separator\"><\/div><p class=\"uagb-ifb-desc\">Antoine Heuty<\/p><\/div><\/div>\n<\/div>\n<\/div><\/div>\n\n\n\n<p><\/p>\n","protected":false},"excerpt":{"rendered":"<p>Les dirigeants de la section&#8230;C&rsquo;est bien peu de chose, mais sans eux, nous ne serions rien!Merci \u00e0 nos dirigeants b\u00e9n\u00e9voles!! Voici la composition du Bureau du Comit\u00e9 Directeur :<\/p>\n","protected":false},"author":1,"featured_media":0,"parent":70,"menu_order":1,"comment_status":"closed","ping_status":"closed","template":"","meta":{"_uag_custom_page_level_css":"","site-sidebar-layout":"default","site-content-layout":"","ast-site-content-layout":"default","site-content-style":"default","site-sidebar-style":"default","ast-global-header-display":"","ast-banner-title-visibility":"","ast-main-header-display":"","ast-hfb-above-header-display":"","ast-hfb-below-header-display":"","ast-hfb-mobile-header-display":"","site-post-title":"","ast-breadcrumbs-content":"","ast-featured-img":"","footer-sml-layout":"","ast-disable-related-posts":"","theme-transparent-header-meta":"","adv-header-id-meta":"","stick-header-meta":"","header-above-stick-meta":"","header-main-stick-meta":"","header-below-stick-meta":"","astra-migrate-meta-layouts":"set","ast-page-background-enabled":"default","ast-page-background-meta":{"desktop":{"background-color":"","background-image":"","background-repeat":"repeat","background-position":"center center","background-size":"auto","background-attachment":"scroll","background-type":"","background-media":"","overlay-type":"","overlay-color":"","overlay-opacity":"","overlay-gradient":""},"tablet":{"background-color":"","background-image":"","background-repeat":"repeat","background-position":"center center","background-size":"auto","background-attachment":"scroll","background-type":"","background-media":"","overlay-type":"","overlay-color":"","overlay-opacity":"","overlay-gradient":""},"mobile":{"background-color":"","background-image":"","background-repeat":"repeat","background-position":"center center","background-size":"auto","background-attachment":"scroll","background-type":"","background-media":"","overlay-type":"","overlay-color":"","overlay-opacity":"","overlay-gradient":""}},"ast-content-background-meta":{"desktop":{"background-color":"var(--ast-global-color-5)","background-image":"","background-repeat":"repeat","background-position":"center center","background-size":"auto","background-attachment":"scroll","background-type":"","background-media":"","overlay-type":"","overlay-color":"","overlay-opacity":"","overlay-gradient":""},"tablet":{"background-color":"var(--ast-global-color-5)","background-image":"","background-repeat":"repeat","background-position":"center center","background-size":"auto","background-attachment":"scroll","background-type":"","background-media":"","overlay-type":"","overlay-color":"","overlay-opacity":"","overlay-gradient":""},"mobile":{"background-color":"var(--ast-global-color-5)","background-image":"","background-repeat":"repeat","background-position":"center center","background-size":"auto","background-attachment":"scroll","background-type":"","background-media":"","overlay-type":"","overlay-color":"","overlay-opacity":"","overlay-gradient":""}},"jetpack_post_was_ever_published":false,"footnotes":""},"class_list":["post-72","page","type-page","status-publish","hentry"],"uagb_featured_image_src":{"full":false,"thumbnail":false,"medium":false,"medium_large":false,"large":false,"1536x1536":false,"2048x2048":false},"uagb_author_info":{"display_name":"Serge","author_link":"https:\/\/bordeaux-echecs.fr\/author\/bordeaux-echecs-serge\/"},"uagb_comment_info":0,"uagb_excerpt":"Les dirigeants de la section&#8230;C&rsquo;est bien peu de chose, mais sans eux, nous ne serions rien!Merci \u00e0 nos dirigeants b\u00e9n\u00e9voles!! Voici la composition du Bureau du Comit\u00e9 Directeur :","jetpack_shortlink":"https:\/\/wp.me\/P9pDgH-1a","jetpack_sharing_enabled":true,"_links":{"self":[{"href":"https:\/\/bordeaux-echecs.fr\/index.php\/wp-json\/wp\/v2\/pages\/72","targetHints":{"allow":["GET"]}}],"collection":[{"href":"https:\/\/bordeaux-echecs.fr\/index.php\/wp-json\/wp\/v2\/pages"}],"about":[{"href":"https:\/\/bordeaux-echecs.fr\/index.php\/wp-json\/wp\/v2\/types\/page"}],"author":[{"embeddable":true,"href":"https:\/\/bordeaux-echecs.fr\/index.php\/wp-json\/wp\/v2\/users\/1"}],"replies":[{"embeddable":true,"href":"https:\/\/bordeaux-echecs.fr\/index.php\/wp-json\/wp\/v2\/comments?post=72"}],"version-history":[{"count":5,"href":"https:\/\/bordeaux-echecs.fr\/index.php\/wp-json\/wp\/v2\/pages\/72\/revisions"}],"predecessor-version":[{"id":7006,"href":"https:\/\/bordeaux-echecs.fr\/index.php\/wp-json\/wp\/v2\/pages\/72\/revisions\/7006"}],"up":[{"embeddable":true,"href":"https:\/\/bordeaux-echecs.fr\/index.php\/wp-json\/wp\/v2\/pages\/70"}],"wp:attachment":[{"href":"https:\/\/bordeaux-echecs.fr\/index.php\/wp-json\/wp\/v2\/media?parent=72"}],"curies":[{"name":"wp","href":"https:\/\/api.w.org\/{rel}","templated":true}]}}